{"id":76,"date":"2015-07-19T18:32:10","date_gmt":"2015-07-19T17:32:10","guid":{"rendered":"http:\/\/105264.w64.wedos.ws\/?page_id=76"},"modified":"2021-06-20T22:46:15","modified_gmt":"2021-06-20T21:46:15","slug":"kontakt","status":"publish","type":"page","link":"https:\/\/www.cukrarna-monika.cz\/?page_id=76","title":{"rendered":"Kontakt"},"content":{"rendered":"<p><span style=\"font-size: 24px;\">Adresa cukr\u00e1rny:<\/span><\/p>\n<p><span style=\"font-size: 18px;\">Cukr\u00e1rna Monika<\/span><br \/>\n<span style=\"font-size: 18px;\">Obchodn\u00ed 548<\/span><br \/>\n<span style=\"font-size: 18px;\">\u0160t\u011bt\u00ed, 411 08<\/span><\/p>\n<p><span style=\"font-size: 18px;\">email: monika@reznickova.net<\/span><\/p>\n<p><span style=\"font-size: 18px;\">telefon: +420 731 499 250<br \/>\n<\/span><\/p>\n<p><iframe src=\"https:\/\/www.google.com\/maps\/embed?pb=!1m18!1m12!1m3!1d534.0438875038626!2d14.374730376321136!3d50.453110694998216!2m3!1f0!2f0!3f0!3m2!1i1024!2i768!4f13.1!3m3!1m2!1s0x470bd89da5361475%3A0x2b45de88293764f6!2sCukr%C3%A1rna%20Monika!5e0!3m2!1scs!2scz!4v1624225339501!5m2!1scs!2scz\" style=\"border:0;\" allowfullscreen=\"\" loading=\"lazy\" width=\"600\" height=\"450\"><\/iframe><\/p>\n","protected":false},"excerpt":{"rendered":"<p>Adresa cukr\u00e1rny: Cukr\u00e1rna Monika Obchodn\u00ed 548 \u0160t\u011bt\u00ed, 411 08 email: monika@reznickova.net telefon: +420 731 499 250<\/p>\n","protected":false},"author":1,"featured_media":0,"parent":0,"menu_order":0,"comment_status":"closed","ping_status":"open","template":"","meta":{"footnotes":""},"class_list":["post-76","page","type-page","status-publish","hentry"],"_links":{"self":[{"href":"https:\/\/www.cukrarna-monika.cz\/index.php?rest_route=\/wp\/v2\/pages\/76","targetHints":{"allow":["GET"]}}],"collection":[{"href":"https:\/\/www.cukrarna-monika.cz\/index.php?rest_route=\/wp\/v2\/pages"}],"about":[{"href":"https:\/\/www.cukrarna-monika.cz\/index.php?rest_route=\/wp\/v2\/types\/page"}],"author":[{"embeddable":true,"href":"https:\/\/www.cukrarna-monika.cz\/index.php?rest_route=\/wp\/v2\/users\/1"}],"replies":[{"embeddable":true,"href":"https:\/\/www.cukrarna-monika.cz\/index.php?rest_route=%2Fwp%2Fv2%2Fcomments&post=76"}],"version-history":[{"count":6,"href":"https:\/\/www.cukrarna-monika.cz\/index.php?rest_route=\/wp\/v2\/pages\/76\/revisions"}],"predecessor-version":[{"id":1711,"href":"https:\/\/www.cukrarna-monika.cz\/index.php?rest_route=\/wp\/v2\/pages\/76\/revisions\/1711"}],"wp:attachment":[{"href":"https:\/\/www.cukrarna-monika.cz\/index.php?rest_route=%2Fwp%2Fv2%2Fmedia&parent=76"}],"curies":[{"name":"wp","href":"https:\/\/api.w.org\/{rel}","templated":true}]}}